{"id":84,"date":"2026-01-08T21:40:02","date_gmt":"2026-01-08T19:40:02","guid":{"rendered":"https:\/\/www.valonheijastus.fi\/?page_id=84"},"modified":"2026-02-01T19:57:45","modified_gmt":"2026-02-01T17:57:45","slug":"yhteystiedot","status":"publish","type":"page","link":"https:\/\/www.valonheijastus.fi\/index.php\/yhteystiedot\/","title":{"rendered":"Yhteystiedot"},"content":{"rendered":"\n<p>Hoitotilan osoite on M\u00e4nts\u00e4l\u00e4ntie 1-3, 04600 M\u00e4nts\u00e4l\u00e4 2.krs huone 6.<\/p>\n\n\n<p><iframe src=\"https:\/\/www.google.com\/maps\/embed?pb=!1m18!1m12!1m3!1d1645.1360438985678!2d25.317058719664796!3d60.63641010744287!2m3!1f0!2f0!3f0!3m2!1i1024!2i768!4f13.1!3m3!1m2!1s0x468e1d6922155525%3A0x81bd8e83eb206e34!2zTcOkbnRzw6Rsw6RudGllIDEtMywgMDQ2MDAgTcOkbnRzw6Rsw6Q!5e0!3m2!1sfi!2sfi!4v1767902194793!5m2!1sfi!2sfi\" width=\"600\" height=\"450\" style=\"border:0;\" allowfullscreen=\"\" loading=\"lazy\" referrerpolicy=\"no-referrer-when-downgrade\"><\/iframe><\/p>\n\n\n<p>Voit varata ajan laittamalla viestin numeroon <strong>0440102687 <\/strong>tai l\u00e4hett\u00e4m\u00e4ll\u00e4 s\u00e4hk\u00f6postia osoitteeseen <strong>ajanvaraus@valonheijastus.fi<\/strong>. Hoitoaikoja on saatavilla arkisin klo 9.00\u201315.00, mutta ilta- ja viikonloppuajat ovat mahdollisia sopimuksen mukaan. Ota rohkeasti yhteytt\u00e4 ja kysy juuri sinulle sopivaa aikaa!<\/p>\n\n\n\n<p>Saapumisohjeet:<\/p>\n\n\n\n<p>Rakennuksen sivulta l\u00f6ytyy ilmaisia pys\u00e4k\u00f6intipaikkoja. Lis\u00e4ksi tien toisella puolella on runsaasti lis\u00e4pys\u00e4k\u00f6intitilaa.<\/p>\n\n\n\n<p class=\"has-dark-gray-color has-text-color has-link-color wp-elements-e33967ecc5af7614e1aec19f2f1d95d0\">Sis\u00e4\u00e4nk\u00e4ynti sijaitsee rakennuksen sivussa, tunnistat sen Valon heijastus -kyltist\u00e4 ikkunassa. Hoitohuone sijaitsee toisessa kerroksessa, jonne p\u00e4\u00e4set hissill\u00e4. Toisen kerroksen aulasta p\u00e4\u00e4set vasemmalla olevalle yritysk\u00e4yt\u00e4v\u00e4lle, josta l\u00f6ytyy hoitohuoneeni, numero 6, ja k\u00e4yt\u00e4v\u00e4lt\u00e4 l\u00f6ytyv\u00e4t asiakas-wc:t sek\u00e4 odotustila.<\/p>\n","protected":false},"excerpt":{"rendered":"<p>Hoitotilan osoite on M\u00e4nts\u00e4l\u00e4ntie 1-3, 04600 M\u00e4nts\u00e4l\u00e4 2.krs huone 6. Voit varata ajan laittamalla viestin numeroon 0440102687 tai l\u00e4hett\u00e4m\u00e4ll\u00e4 s\u00e4hk\u00f6postia osoitteeseen ajanvaraus@valonheijastus.fi. Hoitoaikoja on saatavilla arkisin klo 9.00\u201315.00, mutta ilta- ja viikonloppuajat ovat mahdollisia sopimuksen mukaan. Ota rohkeasti yhteytt\u00e4 ja kysy juuri sinulle sopivaa aikaa! Saapumisohjeet: Rakennuksen sivulta l\u00f6ytyy ilmaisia pys\u00e4k\u00f6intipaikkoja. Lis\u00e4ksi tien toisella puolella&hellip;&nbsp;<\/p>\n","protected":false},"author":1,"featured_media":0,"parent":0,"menu_order":0,"comment_status":"closed","ping_status":"closed","template":"","meta":{"neve_meta_sidebar":"","neve_meta_container":"","neve_meta_enable_content_width":"","neve_meta_content_width":0,"neve_meta_title_alignment":"","neve_meta_author_avatar":"","neve_post_elements_order":"","neve_meta_disable_header":"","neve_meta_disable_footer":"","neve_meta_disable_title":"","footnotes":""},"class_list":["post-84","page","type-page","status-publish","hentry"],"_links":{"self":[{"href":"https:\/\/www.valonheijastus.fi\/index.php\/wp-json\/wp\/v2\/pages\/84","targetHints":{"allow":["GET"]}}],"collection":[{"href":"https:\/\/www.valonheijastus.fi\/index.php\/wp-json\/wp\/v2\/pages"}],"about":[{"href":"https:\/\/www.valonheijastus.fi\/index.php\/wp-json\/wp\/v2\/types\/page"}],"author":[{"embeddable":true,"href":"https:\/\/www.valonheijastus.fi\/index.php\/wp-json\/wp\/v2\/users\/1"}],"replies":[{"embeddable":true,"href":"https:\/\/www.valonheijastus.fi\/index.php\/wp-json\/wp\/v2\/comments?post=84"}],"version-history":[{"count":8,"href":"https:\/\/www.valonheijastus.fi\/index.php\/wp-json\/wp\/v2\/pages\/84\/revisions"}],"predecessor-version":[{"id":177,"href":"https:\/\/www.valonheijastus.fi\/index.php\/wp-json\/wp\/v2\/pages\/84\/revisions\/177"}],"wp:attachment":[{"href":"https:\/\/www.valonheijastus.fi\/index.php\/wp-json\/wp\/v2\/media?parent=84"}],"curies":[{"name":"wp","href":"https:\/\/api.w.org\/{rel}","templated":true}]}}