{"id":96,"date":"2026-01-08T19:58:44","date_gmt":"2026-01-08T17:58:44","guid":{"rendered":"https:\/\/www.valonheijastus.fi\/?page_id=96"},"modified":"2026-03-25T10:33:46","modified_gmt":"2026-03-25T08:33:46","slug":"minusta","status":"publish","type":"page","link":"https:\/\/www.valonheijastus.fi\/index.php\/minusta\/","title":{"rendered":"Minusta"},"content":{"rendered":"\t\t<div data-elementor-type=\"wp-page\" data-elementor-id=\"96\" class=\"elementor elementor-96\">\n\t\t\t\t<div class=\"elementor-element elementor-element-37678c24 e-flex e-con-boxed e-con e-parent\" data-id=\"37678c24\" data-element_type=\"container\" data-e-type=\"container\">\n\t\t\t\t\t<div class=\"e-con-inner\">\n\t\t\t\t<div class=\"elementor-element elementor-element-3d82a7b8 elementor-widget elementor-widget-text-editor\" data-id=\"3d82a7b8\" data-element_type=\"widget\" data-e-type=\"widget\" data-widget_type=\"text-editor.default\">\n\t\t\t\t\t\t\t\t\t<p><!-- \/wp:paragraph --><!-- wp:columns --><\/p>\n<div class=\"wp-block-columns\">\n<p><!-- wp:column --><\/p>\n<div class=\"wp-block-column\">\n<p><!-- wp:paragraph --><\/p>\n<p>Hei, olen Helin\u00e4.<\/p>\n<p><!-- \/wp:paragraph --><!-- wp:paragraph --><\/p>\n<p>Olen kiinnostunut, miten omien k\u00e4sien kautta pystyy kanavoimaan parantavaa energiaa ja mit\u00e4 se edes oikein tarkoittaa. Olen kiinnostunut siit\u00e4, miten eri energiahoito tavoissa l\u00e4hestyt\u00e4\u00e4n hoitamista ja el\u00e4m\u00e4n energiankanavointia. Olen k\u00e4ynyt Reiki-energiahoitokurssit l\u00e4hi- ja kaukohoitoon. Olen opetellut my\u00f6s Bodymind energy balancing method tekniikan. Viimeisimp\u00e4n\u00e4 olen tutustunut shamanistiseen seremoniaty\u00f6skentelyyn ja shamanistiseen energiahoitamiseen.<\/p>\n<p>Kaikki l\u00e4hti liikkeelle tarpeesta parantaa itse\u00e4ni energiahoidoilla. Tunnen vahvasti energiat kehossani kuuman ja kylm\u00e4n tunteina sek\u00e4 v\u00e4ristyksin\u00e4 pitkin kehoani. Olen hyvin empaattinen, intuitiivinen ja herkk\u00e4, joten hoitaessani muita saatan tuntea toisen ihmisen kipe\u00e4n kehonosan omassa kehossa kiputuntemuksena. T\u00e4m\u00e4 herkkyys auttaa minua kohdentamaan hoitoa tiettyyn kohtaan, jossa hoitoa tarvitaan.<\/p>\n<p><!-- \/wp:paragraph --><\/p>\n<\/div>\n<p><!-- \/wp:column --><!-- wp:column --><\/p>\n<div class=\"wp-block-column\">\n<p><!-- wp:image {\"id\":183,\"width\":\"277px\",\"height\":\"auto\",\"aspectRatio\":\"0.5605593564393655\",\"sizeSlug\":\"large\",\"linkDestination\":\"none\"} --><\/p>\n<figure class=\"wp-block-image size-large is-resized\"><img fetchpriority=\"high\" decoding=\"async\" class=\"alignnone wp-image-183\" style=\"aspect-ratio: 0.5605593564393655; width: 277px; height: auto;\" src=\"https:\/\/www.valonheijastus.fi\/wp-content\/uploads\/2026\/02\/IMG_20260208_140814-574x1024.jpg\" alt=\"\" width=\"574\" height=\"1024\" srcset=\"https:\/\/www.valonheijastus.fi\/wp-content\/uploads\/2026\/02\/IMG_20260208_140814-574x1024.jpg 574w, https:\/\/www.valonheijastus.fi\/wp-content\/uploads\/2026\/02\/IMG_20260208_140814-168x300.jpg 168w, https:\/\/www.valonheijastus.fi\/wp-content\/uploads\/2026\/02\/IMG_20260208_140814-768x1369.jpg 768w, https:\/\/www.valonheijastus.fi\/wp-content\/uploads\/2026\/02\/IMG_20260208_140814-861x1536.jpg 861w, https:\/\/www.valonheijastus.fi\/wp-content\/uploads\/2026\/02\/IMG_20260208_140814-1149x2048.jpg 1149w, https:\/\/www.valonheijastus.fi\/wp-content\/uploads\/2026\/02\/IMG_20260208_140814-scaled.jpg 1436w\" sizes=\"(max-width: 574px) 100vw, 574px\" \/><\/figure>\n<p><!-- \/wp:image --><\/p>\n<\/div>\n<p><!-- \/wp:column --><\/p>\n<\/div>\n<p><!-- \/wp:columns --><!-- wp:paragraph --><\/p>\n<p><!-- \/wp:paragraph --><!-- wp:paragraph --><\/p>\n<p>Energiahoitamisessa minua kiehtoo se, miten hoidolla voidaan vaikuttaa ihmisen parasympaattiseen hermostoon ja auttamaan stressinhallinnassa. Hoitamaan energiakeskuksia ja saamaan el\u00e4m\u00e4nenergia virtaamaan. Ja auttamaan my\u00f6s kehoon jumittuneita tunteita purkautumaan, n\u00e4in saaden kokonaisvaltaista hyv\u00e4\u00e4 oloa aikaiseksi. Mielen ja kehon yhteys on ihmeellinen ja t\u00e4m\u00e4n merkitys on auennut minulle itselleni omien kokemuksien ja koulutuksien my\u00f6t\u00e4.<\/p>\n<p><!-- \/wp:paragraph --><!-- wp:paragraph --><\/p>\n<p><!-- \/wp:paragraph --><\/p>\t\t\t\t\t\t\t\t<\/div>\n\t\t\t\t\t<\/div>\n\t\t\t\t<\/div>\n\t\t\t\t<\/div>\n\t\t","protected":false},"excerpt":{"rendered":"<p>Hei, olen Helin\u00e4. Olen kiinnostunut, miten omien k\u00e4sien kautta pystyy kanavoimaan parantavaa energiaa ja mit\u00e4 se edes oikein tarkoittaa. Olen kiinnostunut siit\u00e4, miten eri energiahoito tavoissa l\u00e4hestyt\u00e4\u00e4n hoitamista ja el\u00e4m\u00e4n energiankanavointia. Olen k\u00e4ynyt Reiki-energiahoitokurssit l\u00e4hi- ja kaukohoitoon. Olen opetellut my\u00f6s Bodymind energy balancing method tekniikan. Viimeisimp\u00e4n\u00e4 olen tutustunut shamanistiseen seremoniaty\u00f6skentelyyn ja shamanistiseen energiahoitamiseen. Kaikki l\u00e4hti&hellip;&nbsp;<\/p>\n","protected":false},"author":1,"featured_media":0,"parent":0,"menu_order":0,"comment_status":"closed","ping_status":"closed","template":"","meta":{"neve_meta_sidebar":"","neve_meta_container":"","neve_meta_enable_content_width":"","neve_meta_content_width":0,"neve_meta_title_alignment":"","neve_meta_author_avatar":"","neve_post_elements_order":"","neve_meta_disable_header":"","neve_meta_disable_footer":"","neve_meta_disable_title":"","footnotes":""},"class_list":["post-96","page","type-page","status-publish","hentry"],"_links":{"self":[{"href":"https:\/\/www.valonheijastus.fi\/index.php\/wp-json\/wp\/v2\/pages\/96","targetHints":{"allow":["GET"]}}],"collection":[{"href":"https:\/\/www.valonheijastus.fi\/index.php\/wp-json\/wp\/v2\/pages"}],"about":[{"href":"https:\/\/www.valonheijastus.fi\/index.php\/wp-json\/wp\/v2\/types\/page"}],"author":[{"embeddable":true,"href":"https:\/\/www.valonheijastus.fi\/index.php\/wp-json\/wp\/v2\/users\/1"}],"replies":[{"embeddable":true,"href":"https:\/\/www.valonheijastus.fi\/index.php\/wp-json\/wp\/v2\/comments?post=96"}],"version-history":[{"count":18,"href":"https:\/\/www.valonheijastus.fi\/index.php\/wp-json\/wp\/v2\/pages\/96\/revisions"}],"predecessor-version":[{"id":258,"href":"https:\/\/www.valonheijastus.fi\/index.php\/wp-json\/wp\/v2\/pages\/96\/revisions\/258"}],"wp:attachment":[{"href":"https:\/\/www.valonheijastus.fi\/index.php\/wp-json\/wp\/v2\/media?parent=96"}],"curies":[{"name":"wp","href":"https:\/\/api.w.org\/{rel}","templated":true}]}}