{"id":98,"date":"2026-01-08T19:58:44","date_gmt":"2026-01-08T17:58:44","guid":{"rendered":"https:\/\/www.valonheijastus.fi\/?page_id=98"},"modified":"2026-03-25T10:25:47","modified_gmt":"2026-03-25T08:25:47","slug":"palvelut","status":"publish","type":"page","link":"https:\/\/www.valonheijastus.fi\/index.php\/palvelut\/","title":{"rendered":"Palvelut"},"content":{"rendered":"\t\t<div data-elementor-type=\"wp-page\" data-elementor-id=\"98\" class=\"elementor elementor-98\">\n\t\t\t\t<div class=\"elementor-element elementor-element-377a52d e-flex e-con-boxed e-con e-parent\" data-id=\"377a52d\" data-element_type=\"container\" data-e-type=\"container\">\n\t\t\t\t\t<div class=\"e-con-inner\">\n\t\t\t\t<div class=\"elementor-element elementor-element-7ee0f66d elementor-widget elementor-widget-text-editor\" data-id=\"7ee0f66d\" data-element_type=\"widget\" data-e-type=\"widget\" data-widget_type=\"text-editor.default\">\n\t\t\t\t\t\t\t\t\t\n<p><strong>REIKI ENERGIAHOITO<\/strong><\/p>\n\n<p>Reiki-energiahoito on kokonaisvaltainen hoitomuoto, jonka juuret ulottuvat japanilaiseen perinteeseen. Reiki-sana muodostuu kahdesta sanasta: &#8221;rei&#8221; tarkoittaa universaalia, korkeampaa viisautta ja &#8221;ki&#8221; viittaa el\u00e4m\u00e4nenergiaan, joka virtaa kaikessa el\u00e4v\u00e4ss\u00e4. Reiki-hoidossa pyrit\u00e4\u00e4n v\u00e4litt\u00e4m\u00e4\u00e4n t\u00e4t\u00e4 universaalia energiaa k\u00e4sien v\u00e4lityksell\u00e4 auttamaan kehoa ja mielt\u00e4 l\u00f6yt\u00e4m\u00e4\u00e4n tasapainon ja hyvinvoinnin.<\/p>\n\n<p>Reikin keskeinen ajatus on, ett\u00e4 jokaisella ihmisell\u00e4 on kyky vastaanottaa ja v\u00e4litt\u00e4\u00e4 energiaa. Reiki sopii kaikenik\u00e4isille, ja sen harjoittaminen ei vaadi erityist\u00e4 uskonnollista vakaumusta. T\u00e4rkeint\u00e4 on avoin mieli ja halu l\u00f6yt\u00e4\u00e4 yhteys omaan sis\u00e4iseen tasapainoon. Reiki ei korvaa l\u00e4\u00e4ketieteellist\u00e4 hoitoa, mutta monet kokevat sen tukevan palautumista, lievitt\u00e4v\u00e4n stressi\u00e4 ja edist\u00e4v\u00e4n kokonaisvaltaista hyvinvointia.<\/p>\n\n<p>Hoito tapahtuu rauhallisessa ymp\u00e4rist\u00f6ss\u00e4, jossa vastaanottaja voi rentoutua t\u00e4ysin. Hoitaja asettaa k\u00e4tens\u00e4 kehon eri alueille ja antaa energian virrata vapaasti. Hoidon aikana asiakas makaa hoitop\u00f6yd\u00e4ll\u00e4 mukavat vaatteet yll\u00e4\u00e4n.<\/p>\n\n<figure class=\"wp-block-image is-resized\"><img fetchpriority=\"high\" decoding=\"async\" class=\"aligncenter wp-image-186 size-medium\" style=\"aspect-ratio: 1.2909683730029344; width: 387px; height: auto;\" src=\"https:\/\/www.valonheijastus.fi\/wp-content\/uploads\/2026\/02\/IMG_20260209_122413-300x232.jpg\" alt=\"\" width=\"300\" height=\"232\" srcset=\"https:\/\/www.valonheijastus.fi\/wp-content\/uploads\/2026\/02\/IMG_20260209_122413-300x232.jpg 300w, https:\/\/www.valonheijastus.fi\/wp-content\/uploads\/2026\/02\/IMG_20260209_122413-1024x793.jpg 1024w, https:\/\/www.valonheijastus.fi\/wp-content\/uploads\/2026\/02\/IMG_20260209_122413-768x595.jpg 768w, https:\/\/www.valonheijastus.fi\/wp-content\/uploads\/2026\/02\/IMG_20260209_122413-1536x1190.jpg 1536w, https:\/\/www.valonheijastus.fi\/wp-content\/uploads\/2026\/02\/IMG_20260209_122413-2048x1586.jpg 2048w\" sizes=\"(max-width: 300px) 100vw, 300px\" \/><\/figure>\n\n<p>Hoidon aikana sinulla saattaa esiinty\u00e4 erilaisia aistimuksia, kuten l\u00e4mm\u00f6n- tai kylmyyden tunnetta, kihelm\u00f6inti\u00e4, v\u00e4ristyksi\u00e4 tai hoito voi olla t\u00e4ysin neutraali ilman erityisi\u00e4 tuntemuksia. Jokainen hoitokerta sek\u00e4 hoidettava henkil\u00f6 ovat yksil\u00f6llisi\u00e4 ja ainutlaatuisia, ja jokaisen kokemus on omanlaisensa.<\/p>\n\n<p>Hoidon vaikutukset kest\u00e4v\u00e4t v\u00e4hint\u00e4\u00e4n vuorokauden hoidon p\u00e4\u00e4ttymisest\u00e4. Hoidon j\u00e4lkeen on suositeltavaa juoda paljon vett\u00e4, sill\u00e4 aineenvaihdunta kiihtyy. Kannattaa ottaa aikaa kuunnella omaa oloaan rauhassa \u2014 sek\u00e4 hoidon aikana ett\u00e4 sen j\u00e4lkeen voi esiinty\u00e4 erilaisia tunteenpurkauksia. Raskasta liikuntaa on hyv\u00e4 v\u00e4ltt\u00e4\u00e4 hetken ajan.<\/p>\n\n<p><strong>REIKI KAUKOENERGIAHOITO<\/strong><\/p>\n\n<p>Reiki kaukoenergiahoito perustuu samaan universaalin energian v\u00e4litt\u00e4miseen kuin perinteinen Reiki-hoito, mutta siin\u00e4 energia ohjataan vastaanottajalle et\u00e4isyyden p\u00e4\u00e4st\u00e4. Kaukohoidossa fyysinen l\u00e4sn\u00e4olo ei ole tarpeen, vaan hoitaja voi l\u00e4hett\u00e4\u00e4 energiaa mihin tahansa, miss\u00e4 vastaanottaja sill\u00e4 hetkell\u00e4 on. T\u00e4m\u00e4 mahdollistaa hoidon saamisen esimerkiksi silloin, kun tapaaminen ei ole mahdollinen. Kokemukset kaukohoidosta ovat usein yht\u00e4 voimakkaita ja merkityksellisi\u00e4 kuin l\u00e4hihoidosta, ja rentoutumisen, tasapainon sek\u00e4 energian lis\u00e4\u00e4ntymisen tuntemukset voivat ilmet\u00e4 yht\u00e4 selke\u00e4sti.<\/p>\n\n<p>Kaukohoido voidaan vastaanottaa mukavasti oman kotisi rauhassa vaikka sohvalla tai s\u00e4ngyll\u00e4 lev\u00e4ten. Hoito toteutetaan joko WhatsApp-viestinn\u00e4n tai tavallisen puhelun v\u00e4lityksell\u00e4. Puhelussa ennen hoitoa keskustelemme toiveista ja itse hoidon ajaksi puhelimen voi siirt\u00e4\u00e4 sivuun ja vain antautua vastaanottamaan energiaa. Hoidon j\u00e4lkeen k\u00e4yd\u00e4\u00e4n puhelimitse l\u00e4pi hoitokokemukset ja tuntemukset.<\/p>\n\n<p>Kaukohoito on mahdollista suorittaa my\u00f6s ilman teknisi\u00e4 v\u00e4lineit\u00e4. T\u00e4ll\u00f6in saat etuk\u00e4teen s\u00e4hk\u00f6postitse ohjeet hoitoon valmistautumiseen, ja voit kertoa omia toiveitasi hoitoa varten. Hoidon j\u00e4lkeen saat palautteen hoidon kulusta s\u00e4hk\u00f6postitse ja sinulla on mahdollisuus jakaa kokemuksesi samalla tavalla.<\/p>\n\n<p><strong>BODYMIND ENERGY BALANCING METHOD ENERGIAHOITO<\/strong> Harjoitushoito<\/p>\n\n<p>Teen Suomen Energiahoitajien kehitt\u00e4m\u00e4n menetelm\u00e4n mukaisia, eli BodyMind Energy Balancing Method -energiahoitoja. Hoito on harjoitushoito, koska en ole viel\u00e4 suorittanut koulutuspolkuun sis\u00e4ltyv\u00e4\u00e4 n\u00e4ytt\u00f6koetta. Teen niin sanottua Energeettist\u00e4 j\u00e4senkorjausta, jolla pyrin korjaamaan kehon asentovirheit\u00e4. Kehon asentovirheet voidaan todeta mittaamalla, ja ne korjataan tehokkaita energiahoitotekniikoita k\u00e4ytt\u00e4en. Hoitotekniikka on turvallinen mutta samalla tehokas, sill\u00e4 se vapauttaa syvien lihasten kroonisia j\u00e4nnitystiloja, jotka ovat monien asentovirheiden perimm\u00e4inen syy.<\/p>\n\n<p>BodyMind Energy Balancing Method -energiahoito on kokonaisvaltainen hoitomenetelm\u00e4, joka hy\u00f6dynt\u00e4\u00e4 tarkasti kehitettyj\u00e4 tekniikoita kehon asentovirheiden korjaamiseen. Nykyp\u00e4iv\u00e4n yhteiskunnassa hermosto altistuu helposti jatkuvalle kuormitukselle, mik\u00e4 pitkittyess\u00e4\u00e4n voi h\u00e4irit\u00e4 autonomisen hermoston tasapainoa ja aiheuttaa erilaisia fyysisi\u00e4 ja psyykkisi\u00e4 oireita, kuten asentovirheit\u00e4 ja kiputiloja. Hoidon tavoitteena on v\u00e4hent\u00e4\u00e4 elimist\u00f6\u00f6n kertynytt\u00e4 stressi\u00e4 ja tukea autonomisen hermoston palautumista optimaaliseen toimintaan, jolloin keho edist\u00e4\u00e4 omaa paranemistaan.<\/p>\n\n<p>Hoitok\u00e4ynnille kannattaa pukeutua mukaviin vaatteisiin, sill\u00e4 hoito tehd\u00e4\u00e4n vaatteiden p\u00e4\u00e4lt\u00e4. \u00a0Aluksi mitataan kehon asentovirheet ja oikaistaan ne seisten, jonka j\u00e4lkeen hoito jatkuu hoitop\u00f6yd\u00e4ll\u00e4. Hoidossa voidaan keskitty\u00e4 my\u00f6s tiettyyn ongelma tai kipu alueeseen. Hoidoista saa parhaimman hy\u00f6dyn, kun niit\u00e4 tehd\u00e4\u00e4n 3-5 kerran sarja hoitona.<\/p>\n\n<p>Hoidon aikana saatat kokea esimerkiksi aineenvaihdunnan kiihtymist\u00e4, janon tunnetta sek\u00e4 erilaisia emotionaalisia reaktioita, kuten itkua tai naurua. Lis\u00e4ksi kehon tahattomat liikkeet, kuten nytk\u00e4htelyt tai huojuminen, ovat mahdollisia. Hoidon j\u00e4lkeen voi esiinty\u00e4 v\u00e4symyst\u00e4, tunne-el\u00e4m\u00e4n vaihtelua, aineenvaihdunnan aktivoitumista sek\u00e4 janon tunnetta.<\/p>\n\n<p>\u00a0<\/p>\n\t\t\t\t\t\t\t\t<\/div>\n\t\t\t\t\t<\/div>\n\t\t\t\t<\/div>\n\t\t\t\t<\/div>\n\t\t","protected":false},"excerpt":{"rendered":"<p>REIKI ENERGIAHOITO Reiki-energiahoito on kokonaisvaltainen hoitomuoto, jonka juuret ulottuvat japanilaiseen perinteeseen. Reiki-sana muodostuu kahdesta sanasta: &#8221;rei&#8221; tarkoittaa universaalia, korkeampaa viisautta ja &#8221;ki&#8221; viittaa el\u00e4m\u00e4nenergiaan, joka virtaa kaikessa el\u00e4v\u00e4ss\u00e4. Reiki-hoidossa pyrit\u00e4\u00e4n v\u00e4litt\u00e4m\u00e4\u00e4n t\u00e4t\u00e4 universaalia energiaa k\u00e4sien v\u00e4lityksell\u00e4 auttamaan kehoa ja mielt\u00e4 l\u00f6yt\u00e4m\u00e4\u00e4n tasapainon ja hyvinvoinnin. Reikin keskeinen ajatus on, ett\u00e4 jokaisella ihmisell\u00e4 on kyky vastaanottaa ja&hellip;&nbsp;<\/p>\n","protected":false},"author":1,"featured_media":0,"parent":0,"menu_order":0,"comment_status":"closed","ping_status":"closed","template":"","meta":{"neve_meta_sidebar":"","neve_meta_container":"","neve_meta_enable_content_width":"","neve_meta_content_width":0,"neve_meta_title_alignment":"","neve_meta_author_avatar":"","neve_post_elements_order":"","neve_meta_disable_header":"","neve_meta_disable_footer":"","neve_meta_disable_title":"","footnotes":""},"class_list":["post-98","page","type-page","status-publish","hentry"],"_links":{"self":[{"href":"https:\/\/www.valonheijastus.fi\/index.php\/wp-json\/wp\/v2\/pages\/98","targetHints":{"allow":["GET"]}}],"collection":[{"href":"https:\/\/www.valonheijastus.fi\/index.php\/wp-json\/wp\/v2\/pages"}],"about":[{"href":"https:\/\/www.valonheijastus.fi\/index.php\/wp-json\/wp\/v2\/types\/page"}],"author":[{"embeddable":true,"href":"https:\/\/www.valonheijastus.fi\/index.php\/wp-json\/wp\/v2\/users\/1"}],"replies":[{"embeddable":true,"href":"https:\/\/www.valonheijastus.fi\/index.php\/wp-json\/wp\/v2\/comments?post=98"}],"version-history":[{"count":12,"href":"https:\/\/www.valonheijastus.fi\/index.php\/wp-json\/wp\/v2\/pages\/98\/revisions"}],"predecessor-version":[{"id":257,"href":"https:\/\/www.valonheijastus.fi\/index.php\/wp-json\/wp\/v2\/pages\/98\/revisions\/257"}],"wp:attachment":[{"href":"https:\/\/www.valonheijastus.fi\/index.php\/wp-json\/wp\/v2\/media?parent=98"}],"curies":[{"name":"wp","href":"https:\/\/api.w.org\/{rel}","templated":true}]}}