{"id":99,"date":"2026-01-08T19:58:44","date_gmt":"2026-01-08T17:58:44","guid":{"rendered":"https:\/\/www.valonheijastus.fi\/?page_id=99"},"modified":"2026-02-01T19:46:05","modified_gmt":"2026-02-01T17:46:05","slug":"hinnasto-2","status":"publish","type":"page","link":"https:\/\/www.valonheijastus.fi\/index.php\/hinnasto-2\/","title":{"rendered":"Hinnasto"},"content":{"rendered":"\n<figure class=\"wp-block-table\"><table class=\"has-fixed-layout\"><tbody><tr><td>Reiki-energiahoito 75 min&nbsp;<br>3xsarjakortti<\/td><td>75\u20ac<br>213\u20ac<\/td><\/tr><tr><td>Reiki-kaukohoito 45 min<br>3xsarjakortti<\/td><td>45\u20ac<br>127\u20ac<\/td><\/tr><tr><td>Bodymind energy balancing method harjoitushoito 60 min<br>3xsarjakortti<\/td><td>50\u20ac<br>142\u20ac<\/td><\/tr><tr><td><strong>Maksutavat:<\/strong> <br>Ilmoitathan muutoksista ja peruutuksista hyviss\u00e4 ajoin, kuitenkin 24 tuntia ennen hoidon alkua. Peruuttamattomista ajoista veloitetaan hinnaston mukainen maksu. Sarjakortit veloitetaan ensimm\u00e4isen k\u00e4ynnin yhteydess\u00e4<\/td><td><strong>k\u00e4teinen, pankki- ja luottokortti, mobilepay<\/strong><\/td><\/tr><\/tbody><\/table><\/figure>\n","protected":false},"excerpt":{"rendered":"<p>Reiki-energiahoito 75 min&nbsp;3xsarjakortti 75\u20ac213\u20ac Reiki-kaukohoito 45 min3xsarjakortti 45\u20ac127\u20ac Bodymind energy balancing method harjoitushoito 60 min3xsarjakortti 50\u20ac142\u20ac Maksutavat: Ilmoitathan muutoksista ja peruutuksista hyviss\u00e4 ajoin, kuitenkin 24 tuntia ennen hoidon alkua. Peruuttamattomista ajoista veloitetaan hinnaston mukainen maksu. Sarjakortit veloitetaan ensimm\u00e4isen k\u00e4ynnin yhteydess\u00e4 k\u00e4teinen, pankki- ja luottokortti, mobilepay<\/p>\n","protected":false},"author":1,"featured_media":0,"parent":0,"menu_order":0,"comment_status":"closed","ping_status":"closed","template":"","meta":{"neve_meta_sidebar":"","neve_meta_container":"","neve_meta_enable_content_width":"","neve_meta_content_width":0,"neve_meta_title_alignment":"","neve_meta_author_avatar":"","neve_post_elements_order":"","neve_meta_disable_header":"","neve_meta_disable_footer":"","neve_meta_disable_title":"","footnotes":""},"class_list":["post-99","page","type-page","status-publish","hentry"],"_links":{"self":[{"href":"https:\/\/www.valonheijastus.fi\/index.php\/wp-json\/wp\/v2\/pages\/99","targetHints":{"allow":["GET"]}}],"collection":[{"href":"https:\/\/www.valonheijastus.fi\/index.php\/wp-json\/wp\/v2\/pages"}],"about":[{"href":"https:\/\/www.valonheijastus.fi\/index.php\/wp-json\/wp\/v2\/types\/page"}],"author":[{"embeddable":true,"href":"https:\/\/www.valonheijastus.fi\/index.php\/wp-json\/wp\/v2\/users\/1"}],"replies":[{"embeddable":true,"href":"https:\/\/www.valonheijastus.fi\/index.php\/wp-json\/wp\/v2\/comments?post=99"}],"version-history":[{"count":12,"href":"https:\/\/www.valonheijastus.fi\/index.php\/wp-json\/wp\/v2\/pages\/99\/revisions"}],"predecessor-version":[{"id":176,"href":"https:\/\/www.valonheijastus.fi\/index.php\/wp-json\/wp\/v2\/pages\/99\/revisions\/176"}],"wp:attachment":[{"href":"https:\/\/www.valonheijastus.fi\/index.php\/wp-json\/wp\/v2\/media?parent=99"}],"curies":[{"name":"wp","href":"https:\/\/api.w.org\/{rel}","templated":true}]}}